{"id":10,"date":"2022-12-12T21:02:54","date_gmt":"2022-12-12T20:02:54","guid":{"rendered":"https:\/\/frigotech-pro.com\/?page_id=10"},"modified":"2022-12-14T17:43:46","modified_gmt":"2022-12-14T16:43:46","slug":"contact","status":"publish","type":"page","link":"https:\/\/frigotech-pro.com\/index.php\/contact\/","title":{"rendered":"Contact"},"content":{"rendered":"\t\t<div data-elementor-type=\"wp-page\" data-elementor-id=\"10\" class=\"elementor elementor-10\">\n\t\t\t\t\t\t\t\t\t<section class=\"elementor-section elementor-top-section elementor-element elementor-element-6c4b66a elementor-section-boxed elementor-section-height-default elementor-section-height-default\" data-id=\"6c4b66a\" data-element_type=\"section\">\n\t\t\t\t\t\t<div class=\"elementor-container elementor-column-gap-default\">\n\t\t\t\t\t<div class=\"elementor-column elementor-col-100 elementor-top-column elementor-element elementor-element-e21de12\" data-id=\"e21de12\" data-element_type=\"column\">\n\t\t\t<div class=\"elementor-widget-wrap elementor-element-populated\">\n\t\t\t\t\t\t\t\t<div class=\"elementor-element elementor-element-f0648a4 elementor-widget elementor-widget-spacer\" data-id=\"f0648a4\" data-element_type=\"widget\" data-widget_type=\"spacer.default\">\n\t\t\t\t<div class=\"elementor-widget-container\">\n\t\t\t<style>\/*! elementor - v3.9.0 - 06-12-2022 *\/\n.elementor-column .elementor-spacer-inner{height:var(--spacer-size)}.e-con{--container-widget-width:100%}.e-con-inner>.elementor-widget-spacer,.e-con>.elementor-widget-spacer{width:var(--container-widget-width,var(--spacer-size));--align-self:var(--container-widget-align-self,initial);--flex-shrink:0}.e-con-inner>.elementor-widget-spacer>.elementor-widget-container,.e-con-inner>.elementor-widget-spacer>.elementor-widget-container>.elementor-spacer,.e-con>.elementor-widget-spacer>.elementor-widget-container,.e-con>.elementor-widget-spacer>.elementor-widget-container>.elementor-spacer{height:100%}.e-con-inner>.elementor-widget-spacer>.elementor-widget-container>.elementor-spacer>.elementor-spacer-inner,.e-con>.elementor-widget-spacer>.elementor-widget-container>.elementor-spacer>.elementor-spacer-inner{height:var(--container-widget-height,var(--spacer-size))}<\/style>\t\t<div class=\"elementor-spacer\">\n\t\t\t<div class=\"elementor-spacer-inner\"><\/div>\n\t\t<\/div>\n\t\t\t\t<\/div>\n\t\t\t\t<\/div>\n\t\t\t\t<div class=\"elementor-element elementor-element-f6ab0b9 elementor-widget elementor-widget-text-editor\" data-id=\"f6ab0b9\" data-element_type=\"widget\" data-widget_type=\"text-editor.default\">\n\t\t\t\t<div class=\"elementor-widget-container\">\n\t\t\t<style>\/*! elementor - v3.9.0 - 06-12-2022 *\/\n.elementor-widget-text-editor.elementor-drop-cap-view-stacked .elementor-drop-cap{background-color:#818a91;color:#fff}.elementor-widget-text-editor.elementor-drop-cap-view-framed .elementor-drop-cap{color:#818a91;border:3px solid;background-color:transparent}.elementor-widget-text-editor:not(.elementor-drop-cap-view-default) .elementor-drop-cap{margin-top:8px}.elementor-widget-text-editor:not(.elementor-drop-cap-view-default) .elementor-drop-cap-letter{width:1em;height:1em}.elementor-widget-text-editor .elementor-drop-cap{float:left;text-align:center;line-height:1;font-size:50px}.elementor-widget-text-editor .elementor-drop-cap-letter{display:inline-block}<\/style>\t\t\t\t<p>Nous sommes joignable tous les jours :<\/p>\n<ul>\n<li>Du lundi au vendredi : 08h00 &#8211; 19h00<\/li>\n<\/ul>\n<p>\u00a0<\/p>\n<p>Vous pouvez nous contacter par :<\/p>\n<ul>\n<li>T\u00e9l\u00e9phone : +33688378533<\/li>\n<li>E-mail : <a href=\"mailto:contact@frigotech-pro.com\">contact@frigotech-pro.com<\/a><\/li>\n<li>Whatsapp : <a href=\"https:\/\/wa.me\/33688378533\">+33688378533<\/a><\/li>\n<\/ul>\n<p>\u00a0<\/p>\n<p>Nous sommes aussi pr\u00e9sents sur les r\u00e9seaux sociaux<\/p>\n<ul>\n<li>Facebook : <a href=\"https:\/\/www.facebook.com\/dragan.frigotech\">https:\/\/www.facebook.com\/dragan.frigotech<\/a><\/li>\n<li>Instagram : <a href=\"https:\/\/www.instagram.com\/dragan.frigotech\/\">https:\/\/www.instagram.com\/dragan.frigotech\/<\/a><\/li>\n<\/ul>\n<p>\u00a0<\/p>\n<p>N&#8217;h\u00e9sitez pas \u00e0 nous soumettre vos questions ! Nous y r\u00e9pondrons au plus vite !<\/p>\t\t\t\t\t\t<\/div>\n\t\t\t\t<\/div>\n\t\t\t\t<div class=\"elementor-element elementor-element-de35c5c elementor-widget elementor-widget-text-editor\" data-id=\"de35c5c\" data-element_type=\"widget\" data-widget_type=\"text-editor.default\">\n\t\t\t\t<div class=\"elementor-widget-container\">\n\t\t\t\t\t\t\t<p style=\"text-align: right;\">Dragan &#8211; Frigotech<\/p>\t\t\t\t\t\t<\/div>\n\t\t\t\t<\/div>\n\t\t\t\t<div class=\"elementor-element elementor-element-2ea97f9 elementor-widget elementor-widget-spacer\" data-id=\"2ea97f9\" data-element_type=\"widget\" data-widget_type=\"spacer.default\">\n\t\t\t\t<div class=\"elementor-widget-container\">\n\t\t\t\t\t<div class=\"elementor-spacer\">\n\t\t\t<div class=\"elementor-spacer-inner\"><\/div>\n\t\t<\/div>\n\t\t\t\t<\/div>\n\t\t\t\t<\/div>\n\t\t\t\t\t<\/div>\n\t\t<\/div>\n\t\t\t\t\t\t\t<\/div>\n\t\t<\/section>\n\t\t\t\t\t\t\t<\/div>\n\t\t","protected":false},"excerpt":{"rendered":"<p>Nous sommes joignable tous les jours : Du lundi au vendredi : 08h00 &#8211; 19h00 \u00a0 Vous pouvez nous contacter par : T\u00e9l\u00e9phone : +33688378533 E-mail : contact@frigotech-pro.com Whatsapp : +33688378533 \u00a0 Nous sommes aussi pr\u00e9sents sur les r\u00e9seaux sociaux Facebook : https:\/\/www.facebook.com\/dragan.frigotech Instagram : https:\/\/www.instagram.com\/dragan.frigotech\/ \u00a0 N&#8217;h\u00e9sitez pas \u00e0 nous soumettre vos questions ! [&hellip;]<\/p>\n","protected":false},"author":1,"featured_media":5,"parent":0,"menu_order":0,"comment_status":"closed","ping_status":"closed","template":"elementor_header_footer","meta":{"footnotes":""},"class_list":["post-10","page","type-page","status-publish","has-post-thumbnail","hentry"],"_links":{"self":[{"href":"https:\/\/frigotech-pro.com\/index.php\/wp-json\/wp\/v2\/pages\/10","targetHints":{"allow":["GET"]}}],"collection":[{"href":"https:\/\/frigotech-pro.com\/index.php\/wp-json\/wp\/v2\/pages"}],"about":[{"href":"https:\/\/frigotech-pro.com\/index.php\/wp-json\/wp\/v2\/types\/page"}],"author":[{"embeddable":true,"href":"https:\/\/frigotech-pro.com\/index.php\/wp-json\/wp\/v2\/users\/1"}],"replies":[{"embeddable":true,"href":"https:\/\/frigotech-pro.com\/index.php\/wp-json\/wp\/v2\/comments?post=10"}],"version-history":[{"count":4,"href":"https:\/\/frigotech-pro.com\/index.php\/wp-json\/wp\/v2\/pages\/10\/revisions"}],"predecessor-version":[{"id":149,"href":"https:\/\/frigotech-pro.com\/index.php\/wp-json\/wp\/v2\/pages\/10\/revisions\/149"}],"wp:featuredmedia":[{"embeddable":true,"href":"https:\/\/frigotech-pro.com\/index.php\/wp-json\/wp\/v2\/media\/5"}],"wp:attachment":[{"href":"https:\/\/frigotech-pro.com\/index.php\/wp-json\/wp\/v2\/media?parent=10"}],"curies":[{"name":"wp","href":"https:\/\/api.w.org\/{rel}","templated":true}]}}